{"id":1378,"date":"2025-06-20T18:40:46","date_gmt":"2025-06-20T18:40:46","guid":{"rendered":"https:\/\/www.spm2000.de\/?page_id=1378"},"modified":"2026-02-23T22:13:09","modified_gmt":"2026-02-23T22:13:09","slug":"impressum","status":"publish","type":"page","link":"https:\/\/www.spm2000.de\/en\/impressum\/","title":{"rendered":"Impressum"},"content":{"rendered":"<div data-elementor-type=\"wp-page\" data-elementor-id=\"1378\" class=\"elementor elementor-1378\" data-elementor-post-type=\"page\">\n\t\t\t\t<div class=\"elementor-element elementor-element-3df141b e-flex e-con-boxed e-con e-parent\" data-id=\"3df141b\" data-element_type=\"container\" data-e-type=\"container\" data-settings=\"{&quot;background_background&quot;:&quot;classic&quot;}\">\n\t\t\t\t\t<div class=\"e-con-inner\">\n\t\t<div class=\"elementor-element elementor-element-3154c56 e-con-full e-flex e-con e-child\" data-id=\"3154c56\" data-element_type=\"container\" data-e-type=\"container\">\n\t\t\t\t<div class=\"elementor-element elementor-element-9c600f2 elementor-widget elementor-widget-heading\" data-id=\"9c600f2\" data-element_type=\"widget\" data-e-type=\"widget\" data-widget_type=\"heading.default\">\n\t\t\t\t\t<h2 class=\"elementor-heading-title elementor-size-default\">Impressum <br> Angaben gem\u00e4\u00df \u00a7 5 TMG\n\n<\/h2>\t\t\t\t<\/div>\n\t\t\t\t<\/div>\n\t\t\t\t\t<\/div>\n\t\t\t\t<\/div>\n\t\t<div class=\"elementor-element elementor-element-7ff9e90 e-flex e-con-boxed e-con e-parent\" data-id=\"7ff9e90\" data-element_type=\"container\" data-e-type=\"container\" data-settings=\"{&quot;background_background&quot;:&quot;classic&quot;}\">\n\t\t\t\t\t<div class=\"e-con-inner\">\n\t\t\t\t<div class=\"elementor-element elementor-element-80f71d4 elementor-widget elementor-widget-text-editor\" data-id=\"80f71d4\" data-element_type=\"widget\" data-e-type=\"widget\" data-widget_type=\"text-editor.default\">\n\t\t\t\t\t\t\t\t\t<h2>SPM-2000 Softskill Performance Management GbR<\/h2><p>Vertreten durch den Gesch\u00e4ftsf\u00fchrer Dr. Torsten Roth<\/p><h3>B\u00fcro<\/h3><p>Gohliser Stra\u00dfe 7<br \/>04105 Leipzig<\/p><p><strong>Fon:<\/strong>\u00a0+49 (0) 341 \u2013 33 384 00<br \/><strong>Fax:<\/strong>\u00a0+49 (0) 341 \u2013 33 384 01<br \/><strong>Mail:<\/strong>\u00a0<a href=\"mailto:group@spm2000.de\">group(at)spm2000.de<\/a><\/p><h3>Postadresse<\/h3><p>Gohliser Stra\u00dfe 7<br \/>04105 Leipzig<\/p><h3>Umsatzsteuer-ID<\/h3><p>DE 223367782<\/p><h2>SPM-2000 Consulting GmbH<\/h2><p>Vertreten durch den Gesch\u00e4ftsf\u00fchrer Dr. Torsten Roth<\/p><h3>B\u00fcro<\/h3><p>Gohliser Stra\u00dfe 7<br \/>D \u2013 04105 Leipzig<\/p><h3>Postadresse<\/h3><p>Gohliser Stra\u00dfe 7<br \/>D \u2013 04105 Leipzig<\/p><p><strong>Fon:<\/strong>\u00a0+ 49 \u2013 341 \u2013 33 384 21<br \/><strong>Fax:<\/strong>\u00a0+ 49 \u2013 341 \u2013 33 384 02<br \/><strong>Mail:\u00a0<\/strong><a href=\"mailto:group@spm2000.de\">group(at)spm2000.de<\/a><strong><br \/><\/strong><\/p><h3>Handelsregisternummer<\/h3><p>Amtsgericht Leipzig: 21055<\/p><h3>Umsatzsteuer-ID<\/h3><p>DE 814214358<\/p><h2>SPerfomanceM\u00a0 S.L.<\/h2><p>representado por la administradora \u00fanica Doreen Achtzehn<\/p><h3>Ofic\u00edna<\/h3><p>Calle Monta\u00f1a Tesjate 9<br \/>35650 Lajares \u2013 La Oliva (Las Palmas)<\/p><h3>Direcci\u00f3n postal<\/h3><p>Apartado Postal 63<br \/>35650 Corralejo<br \/>(Las Palmas)<\/p><p><strong>Fon:<\/strong>\u00a0+34 \u2013 651 \u2013 435 517<br \/><strong>Mail:<\/strong>\u00a0<a href=\"mailto:oficina@spm2000.es\">oficina(at)spm2000.es<\/a><\/p><p><strong>CIF:<\/strong>\u00a0B76351485<\/p><h3><strong>Inhaltlich verantwortlich gem\u00e4\u00df \u00a7 55 RStV:<\/strong><\/h3><p>Doreen Achtzehn, SPM-2000, Gohliser Stra\u00dfe 7, 04105 Leipzig<\/p><h3>Qualit\u00e4tsmanagement<\/h3><p>SPM 2000 hat ein zertifiziertes Qualit\u00e4tsmanagement nach DIN EN ISO 9001:2015.<\/p><h3>Konzept\/Design\/Umsetzung<\/h3><p><a href=\"https:\/\/sag-solutions.com\/\" target=\"_blank\" rel=\"noopener\">SAG-Solutions GmbH<\/a><br \/>Burgstra\u00dfe 7, 87435 Kempten (Allg\u00e4u), Germany<\/p><h3>Bilder und Videos (wo nicht anders vermerkt)<\/h3><p><a href=\"https:\/\/www.krawallundkrone.de\/\" target=\"_blank\" rel=\"noopener\">Krawall &amp; Krone GmbH<\/a><br \/>Bernhard-G\u00f6ring-Stra\u00dfe 34, 04107 Leipzig<\/p><div id=\"gtx-trans\" style=\"position: absolute; left: -1px; top: 1846.27px;\"><div class=\"gtx-trans-icon\">\u00a0<\/div><\/div>\t\t\t\t\t\t\t\t<\/div>\n\t\t\t\t\t<\/div>\n\t\t\t\t<\/div>\n\t\t\t\t<\/div>","protected":false},"excerpt":{"rendered":"<p>Impressum Angaben gem\u00e4\u00df \u00a7 5 TMG SPM-2000 Softskill Performance Management GbR Vertreten durch den Gesch\u00e4ftsf\u00fchrer Dr. Torsten Roth B\u00fcro Gohliser Stra\u00dfe 704105 Leipzig Fon:\u00a0+49 (0) 341 \u2013 33 384 00Fax:\u00a0+49 (0) 341 \u2013 33 384 01Mail:\u00a0group(at)spm2000.de Postadresse Gohliser Stra\u00dfe 704105 Leipzig Umsatzsteuer-ID DE 223367782 SPM-2000 Consulting GmbH Vertreten durch den Gesch\u00e4ftsf\u00fchrer Dr. Torsten Roth B\u00fcro [&hellip;]<\/p>\n","protected":false},"author":1,"featured_media":0,"parent":0,"menu_order":0,"comment_status":"closed","ping_status":"closed","template":"elementor_header_footer","meta":{"_acf_changed":false,"footnotes":""},"class_list":["post-1378","page","type-page","status-publish","hentry"],"acf":[],"_links":{"self":[{"href":"https:\/\/www.spm2000.de\/en\/wp-json\/wp\/v2\/pages\/1378","targetHints":{"allow":["GET"]}}],"collection":[{"href":"https:\/\/www.spm2000.de\/en\/wp-json\/wp\/v2\/pages"}],"about":[{"href":"https:\/\/www.spm2000.de\/en\/wp-json\/wp\/v2\/types\/page"}],"author":[{"embeddable":true,"href":"https:\/\/www.spm2000.de\/en\/wp-json\/wp\/v2\/users\/1"}],"replies":[{"embeddable":true,"href":"https:\/\/www.spm2000.de\/en\/wp-json\/wp\/v2\/comments?post=1378"}],"version-history":[{"count":10,"href":"https:\/\/www.spm2000.de\/en\/wp-json\/wp\/v2\/pages\/1378\/revisions"}],"predecessor-version":[{"id":5490,"href":"https:\/\/www.spm2000.de\/en\/wp-json\/wp\/v2\/pages\/1378\/revisions\/5490"}],"wp:attachment":[{"href":"https:\/\/www.spm2000.de\/en\/wp-json\/wp\/v2\/media?parent=1378"}],"curies":[{"name":"wp","href":"https:\/\/api.w.org\/{rel}","templated":true}]}}